{"id":165,"date":"2021-06-17T09:20:42","date_gmt":"2021-06-17T09:20:42","guid":{"rendered":"https:\/\/bcbaschablais.com\/?page_id=165"},"modified":"2025-06-17T20:45:40","modified_gmt":"2025-06-17T20:45:40","slug":"inscriptions","status":"publish","type":"page","link":"https:\/\/bcbaschablais.com\/index.php\/inscriptions\/","title":{"rendered":"Inscriptions"},"content":{"rendered":"\n<h2 class=\"wp-block-heading\"><strong><strong>Modalit\u00e9s d\u2019inscriptions saison 2025 &#8211; 2026<\/strong><\/strong><\/h2>\n\n\n\n<p class=\"has-medium-font-size\"><strong>Proc\u00e9dure d\u2019inscription<\/strong> <strong>(A lire attentivement !!! )<\/strong><\/p>\n\n\n\n<p>Instructions d&rsquo;inscription 2025-2026<\/p>\n\n\n\n<div data-wp-interactive=\"core\/file\" class=\"wp-block-file\"><object data-wp-bind--hidden=\"!state.hasPdfPreview\" hidden class=\"wp-block-file__embed\" data=\"https:\/\/bcbaschablais.com\/wp-content\/uploads\/2025\/06\/2026-INSCRIPTIONS.pdf\" type=\"application\/pdf\" style=\"width:100%;height:600px\" aria-label=\"Contenu embarqu\u00e9 2026 INSCRIPTIONS.\"><\/object><a id=\"wp-block-file--media-297c3d2e-4b29-46a7-b7e0-8ebff251a1e2\" href=\"https:\/\/bcbaschablais.com\/wp-content\/uploads\/2025\/06\/2026-INSCRIPTIONS.pdf\">2026 INSCRIPTIONS<\/a><a href=\"https:\/\/bcbaschablais.com\/wp-content\/uploads\/2025\/06\/2026-INSCRIPTIONS.pdf\" class=\"wp-block-file__button wp-element-button\" download aria-describedby=\"wp-block-file--media-297c3d2e-4b29-46a7-b7e0-8ebff251a1e2\">Download<\/a><\/div>\n\n\n\n<p class=\"has-medium-font-size\"><strong>Reconnaissance des droits<\/strong><\/p>\n\n\n\n<div data-wp-interactive=\"core\/file\" class=\"wp-block-file\"><object data-wp-bind--hidden=\"!state.hasPdfPreview\" hidden class=\"wp-block-file__embed\" data=\"https:\/\/bcbaschablais.com\/wp-content\/uploads\/2025\/06\/Reconnaissance-des-Droits-BCBC_v1.pdf\" type=\"application\/pdf\" style=\"width:100%;height:600px\" aria-label=\"Contenu embarqu\u00e9 Reconnaissance des Droits-BCBC_v1.\"><\/object><a id=\"wp-block-file--media-a9c4998e-6d76-492f-80e9-8fa9926dd437\" href=\"https:\/\/bcbaschablais.com\/wp-content\/uploads\/2025\/06\/Reconnaissance-des-Droits-BCBC_v1.pdf\">Reconnaissance des Droits-BCBC_v1<\/a><a href=\"https:\/\/bcbaschablais.com\/wp-content\/uploads\/2025\/06\/Reconnaissance-des-Droits-BCBC_v1.pdf\" class=\"wp-block-file__button wp-element-button\" download aria-describedby=\"wp-block-file--media-a9c4998e-6d76-492f-80e9-8fa9926dd437\">Download<\/a><\/div>\n\n\n\n<p class=\"has-medium-font-size\"><strong>Certificat m\u00e9dical et surclassement<\/strong><\/p>\n\n\n\n<div class=\"wp-block-file\"><a id=\"wp-block-file--media-cfc14159-ed48-4d48-a7ee-e10f4b46285f\" href=\"https:\/\/bcbaschablais.com\/wp-content\/uploads\/2022\/06\/Certificat-medical-et-surclassement.pdf\" target=\"_blank\" rel=\"noreferrer noopener\">Certificat-medical-et-surclassement<\/a><a href=\"https:\/\/bcbaschablais.com\/wp-content\/uploads\/2022\/06\/Certificat-medical-et-surclassement.pdf\" class=\"wp-block-file__button wp-element-button\" download aria-describedby=\"wp-block-file--media-cfc14159-ed48-4d48-a7ee-e10f4b46285f\">Download<\/a><\/div>\n\n\n\n<p class=\"has-medium-font-size\"><strong>Planning entra\u00eenements saison 2025 -2026 (\u00e0 venir)<\/strong><\/p>\n\n\n\n<p><strong>Les cr\u00e9neaux d&rsquo;entra\u00eenements peuvent \u00eatre soumis \u00e0 des changements en cours de saison<\/strong><\/p>\n\n\n\n<p><\/p>\n\n\n\n<p><\/p>\n\n\n\n<p class=\"has-medium-font-size\"><strong>Moyens de paiement saison 2025 &#8211; 2026<\/strong><\/p>\n\n\n\n<p>RIB: <\/p>\n\n\n\n<div class=\"wp-block-file\"><a id=\"wp-block-file--media-a1f2e3ab-3a50-4c36-a460-e05d2e9b30f2\" href=\"https:\/\/bcbaschablais.com\/wp-content\/uploads\/2021\/07\/RIB-pour-virements.png\" target=\"_blank\" rel=\"noreferrer noopener\">RIB-pour-virements<\/a><a href=\"https:\/\/bcbaschablais.com\/wp-content\/uploads\/2021\/07\/RIB-pour-virements.png\" class=\"wp-block-file__button wp-element-button\" download aria-describedby=\"wp-block-file--media-a1f2e3ab-3a50-4c36-a460-e05d2e9b30f2\">Download<\/a><\/div>\n\n\n\n<p><\/p>\n\n\n\n<p>Ch\u00e8que \u00e0 l&rsquo;ordre du <strong>Basket club du Bas Chablais<\/strong> (INDIQUER AU DOS DU CH\u00c8QUE: NOM-PR\u00c9NOM- \u00c9QUIPE)<\/p>\n\n\n\n<p><\/p>\n\n\n\n<figure class=\"wp-block-gallery has-nested-images columns-default is-cropped wp-block-gallery-1 is-layout-flex wp-block-gallery-is-layout-flex\"><\/figure>\n\n\n\n<p><\/p>\n\n\n\n<p>Les certificats m\u00e9dicaux sont valables 3 ans. Les surclassements sont valables sur une saison uniquement.<\/p>\n\n\n\n<p class=\"has-medium-font-size\"><br>Bienvenue au club, passez un bel \u00e9t\u00e9 et rendez-vous \u00e0 la rentr\u00e9e !&nbsp;<\/p>\n","protected":false},"excerpt":{"rendered":"<p>Modalit\u00e9s d\u2019inscriptions saison 2025 &#8211; 2026 Proc\u00e9dure d\u2019inscription (A lire attentivement !!! ) Instructions d&rsquo;inscription 2025-2026 Reconnaissance des droits Certificat m\u00e9dical et surclassement Planning entra\u00eenements saison 2025 -2026 (\u00e0 venir) Les cr\u00e9neaux d&rsquo;entra\u00eenements peuvent \u00eatre soumis \u00e0 des changements en cours de saison Moyens de paiement saison 2025 &#8211; 2026 RIB: Ch\u00e8que \u00e0 l&rsquo;ordre du [&hellip;]<\/p>\n","protected":false},"author":1,"featured_media":0,"parent":0,"menu_order":0,"comment_status":"closed","ping_status":"closed","template":"","meta":{"footnotes":""},"class_list":["post-165","page","type-page","status-publish","hentry"],"_links":{"self":[{"href":"https:\/\/bcbaschablais.com\/index.php\/wp-json\/wp\/v2\/pages\/165","targetHints":{"allow":["GET"]}}],"collection":[{"href":"https:\/\/bcbaschablais.com\/index.php\/wp-json\/wp\/v2\/pages"}],"about":[{"href":"https:\/\/bcbaschablais.com\/index.php\/wp-json\/wp\/v2\/types\/page"}],"author":[{"embeddable":true,"href":"https:\/\/bcbaschablais.com\/index.php\/wp-json\/wp\/v2\/users\/1"}],"replies":[{"embeddable":true,"href":"https:\/\/bcbaschablais.com\/index.php\/wp-json\/wp\/v2\/comments?post=165"}],"version-history":[{"count":50,"href":"https:\/\/bcbaschablais.com\/index.php\/wp-json\/wp\/v2\/pages\/165\/revisions"}],"predecessor-version":[{"id":1104,"href":"https:\/\/bcbaschablais.com\/index.php\/wp-json\/wp\/v2\/pages\/165\/revisions\/1104"}],"wp:attachment":[{"href":"https:\/\/bcbaschablais.com\/index.php\/wp-json\/wp\/v2\/media?parent=165"}],"curies":[{"name":"wp","href":"https:\/\/api.w.org\/{rel}","templated":true}]}}