{"id":459,"date":"2021-09-02T18:24:52","date_gmt":"2021-09-02T18:24:52","guid":{"rendered":"https:\/\/bcbaschablais.com\/?page_id=459"},"modified":"2024-09-24T05:33:24","modified_gmt":"2024-09-24T05:33:24","slug":"evenements","status":"publish","type":"page","link":"https:\/\/bcbaschablais.com\/index.php\/evenements\/","title":{"rendered":"\u00c9v\u00e9nements"},"content":{"rendered":"\n<h2 class=\"wp-block-heading\">Vous trouverez ici les prochains \u00e9v\u00e9nements organis\u00e9s par le club<\/h2>\n\n\n\n<h2 class=\"wp-block-heading\"><\/h2>\n\n\n\n<figure class=\"wp-block-gallery has-nested-images columns-default is-cropped wp-block-gallery-1 is-layout-flex wp-block-gallery-is-layout-flex\"><\/figure>\n","protected":false},"excerpt":{"rendered":"<p>Vous trouverez ici les prochains \u00e9v\u00e9nements organis\u00e9s par le club<\/p>\n","protected":false},"author":1,"featured_media":0,"parent":0,"menu_order":0,"comment_status":"closed","ping_status":"closed","template":"","meta":{"footnotes":""},"class_list":["post-459","page","type-page","status-publish","hentry"],"_links":{"self":[{"href":"https:\/\/bcbaschablais.com\/index.php\/wp-json\/wp\/v2\/pages\/459","targetHints":{"allow":["GET"]}}],"collection":[{"href":"https:\/\/bcbaschablais.com\/index.php\/wp-json\/wp\/v2\/pages"}],"about":[{"href":"https:\/\/bcbaschablais.com\/index.php\/wp-json\/wp\/v2\/types\/page"}],"author":[{"embeddable":true,"href":"https:\/\/bcbaschablais.com\/index.php\/wp-json\/wp\/v2\/users\/1"}],"replies":[{"embeddable":true,"href":"https:\/\/bcbaschablais.com\/index.php\/wp-json\/wp\/v2\/comments?post=459"}],"version-history":[{"count":11,"href":"https:\/\/bcbaschablais.com\/index.php\/wp-json\/wp\/v2\/pages\/459\/revisions"}],"predecessor-version":[{"id":1035,"href":"https:\/\/bcbaschablais.com\/index.php\/wp-json\/wp\/v2\/pages\/459\/revisions\/1035"}],"wp:attachment":[{"href":"https:\/\/bcbaschablais.com\/index.php\/wp-json\/wp\/v2\/media?parent=459"}],"curies":[{"name":"wp","href":"https:\/\/api.w.org\/{rel}","templated":true}]}}