{"id":62,"date":"2021-06-17T10:07:52","date_gmt":"2021-06-17T10:07:52","guid":{"rendered":"https:\/\/bcbaschablais.com\/?page_id=62"},"modified":"2025-09-15T09:11:30","modified_gmt":"2025-09-15T09:11:30","slug":"u11-f","status":"publish","type":"page","link":"https:\/\/bcbaschablais.com\/index.php\/u11-f\/","title":{"rendered":"U11 F"},"content":{"rendered":"\n<hr class=\"wp-block-separator has-css-opacity\"\/>\n\n\n\n<h3 class=\"wp-block-heading has-text-align-center\">Coach : Mathieu Girard 0643380932<\/h3>\n\n\n\n<hr class=\"wp-block-separator has-css-opacity\"\/>\n\n\n\n<p style=\"font-size:23px\">Entra\u00eenements:<\/p>\n\n\n\n<p style=\"font-size:23px\">Mercredi de 17h30 \u00e0 19h \u00e0 Sciez<\/p>\n\n\n\n<p style=\"font-size:23px\">Jeudi 17h30-19h \u00e0 Douvaine<\/p>\n\n\n\n<script src=\"https:\/\/cdnjs.cloudflare.com\/ajax\/libs\/iframe-resizer\/3.5.5\/iframeResizer.min.js\"><\/script><script>if(!window._rsz){window._rsz=function(){var i=iFrameResize({checkOrigin:false,interval:100});};if(document.readyState!=\"loading\"){_rsz()}else{document.addEventListener(\"DOMContentLoaded\",_rsz)}}<\/script><iframe id=\"65168b0c62ccbb08d88db9d1\" src=\"https:\/\/v1.scorenco.com\/widget\/65168b0c62ccbb08d88db9d1\/?auto_height=true\" style=\"display: block; width: 100%; overflow: auto; margin: auto; border-width: 0px;\" scrolling=\"no\"><\/iframe><a style=\"font-size:11px\" target=\"_blank\" href=\"https:\/\/v1.scorenco.com\/basket\/clubs\/basket-club-bas-chablais\/\" rel=\"noopener\">Basket Club Bas Chablais sur Score&rsquo;n&rsquo;co<\/a>\n","protected":false},"excerpt":{"rendered":"<p>Coach : Mathieu Girard 0643380932 Entra\u00eenements: Mercredi de 17h30 \u00e0 19h \u00e0 Sciez Jeudi 17h30-19h \u00e0 Douvaine Basket Club Bas Chablais sur Score&rsquo;n&rsquo;co<\/p>\n","protected":false},"author":1,"featured_media":0,"parent":0,"menu_order":0,"comment_status":"closed","ping_status":"closed","template":"","meta":{"footnotes":""},"class_list":["post-62","page","type-page","status-publish","hentry"],"_links":{"self":[{"href":"https:\/\/bcbaschablais.com\/index.php\/wp-json\/wp\/v2\/pages\/62","targetHints":{"allow":["GET"]}}],"collection":[{"href":"https:\/\/bcbaschablais.com\/index.php\/wp-json\/wp\/v2\/pages"}],"about":[{"href":"https:\/\/bcbaschablais.com\/index.php\/wp-json\/wp\/v2\/types\/page"}],"author":[{"embeddable":true,"href":"https:\/\/bcbaschablais.com\/index.php\/wp-json\/wp\/v2\/users\/1"}],"replies":[{"embeddable":true,"href":"https:\/\/bcbaschablais.com\/index.php\/wp-json\/wp\/v2\/comments?post=62"}],"version-history":[{"count":17,"href":"https:\/\/bcbaschablais.com\/index.php\/wp-json\/wp\/v2\/pages\/62\/revisions"}],"predecessor-version":[{"id":1120,"href":"https:\/\/bcbaschablais.com\/index.php\/wp-json\/wp\/v2\/pages\/62\/revisions\/1120"}],"wp:attachment":[{"href":"https:\/\/bcbaschablais.com\/index.php\/wp-json\/wp\/v2\/media?parent=62"}],"curies":[{"name":"wp","href":"https:\/\/api.w.org\/{rel}","templated":true}]}}