{"id":68,"date":"2021-06-17T10:07:52","date_gmt":"2021-06-17T10:07:52","guid":{"rendered":"https:\/\/bcbaschablais.com\/?page_id=68"},"modified":"2025-09-15T09:55:46","modified_gmt":"2025-09-15T09:55:46","slug":"u13-f","status":"publish","type":"page","link":"https:\/\/bcbaschablais.com\/index.php\/u13-f\/","title":{"rendered":"U13 F"},"content":{"rendered":"\n<hr class=\"wp-block-separator has-css-opacity\"\/>\n\n\n\n<h3 class=\"wp-block-heading has-text-align-center\">Coach : Marvin Augustus <\/h3>\n\n\n\n<p class=\"has-text-align-center\">Contact : inscriptions.bcbc@gmail.com<\/p>\n\n\n\n<hr class=\"wp-block-separator has-css-opacity\"\/>\n\n\n\n<p style=\"font-size:23px\">Entra\u00eenements:<\/p>\n\n\n\n<p style=\"font-size:23px\">Jeudi 19h &#8211; 20h \u00e0 Douvaine<\/p>\n\n\n\n<p style=\"font-size:23px\">Vendredi 19h &#8211; 20h30 \u00e0 Margencel<\/p>\n\n\n\n<script src=\"https:\/\/cdnjs.cloudflare.com\/ajax\/libs\/iframe-resizer\/3.5.5\/iframeResizer.min.js\"><\/script><script>if(!window._rsz){window._rsz=function(){var i=iFrameResize({checkOrigin:false,interval:100});};if(document.readyState!=\"loading\"){_rsz()}else{document.addEventListener(\"DOMContentLoaded\",_rsz)}}<\/script><iframe id=\"612f9182907fa70a1f5a19d1\" src=\"https:\/\/v1.scorenco.com\/widget\/612f9182907fa70a1f5a19d1\/?auto_height=true\" style=\"display: block; width: 100%; overflow: auto; margin: auto; border-width: 0px;\" scrolling=\"no\"><\/iframe><a style=\"font-size:11px\" target=\"_blank\" href=\"https:\/\/v1.scorenco.com\/basket\/clubs\/basket-club-bas-chablais\/\" rel=\"noopener\">Basket Club Bas Chablais sur Score&rsquo;n&rsquo;co<\/a>\n","protected":false},"excerpt":{"rendered":"<p>Coach : Marvin Augustus Contact : inscriptions.bcbc@gmail.com Entra\u00eenements: Jeudi 19h &#8211; 20h \u00e0 Douvaine Vendredi 19h &#8211; 20h30 \u00e0 Margencel Basket Club Bas Chablais sur Score&rsquo;n&rsquo;co<\/p>\n","protected":false},"author":1,"featured_media":0,"parent":0,"menu_order":0,"comment_status":"closed","ping_status":"closed","template":"","meta":{"footnotes":""},"class_list":["post-68","page","type-page","status-publish","hentry"],"_links":{"self":[{"href":"https:\/\/bcbaschablais.com\/index.php\/wp-json\/wp\/v2\/pages\/68","targetHints":{"allow":["GET"]}}],"collection":[{"href":"https:\/\/bcbaschablais.com\/index.php\/wp-json\/wp\/v2\/pages"}],"about":[{"href":"https:\/\/bcbaschablais.com\/index.php\/wp-json\/wp\/v2\/types\/page"}],"author":[{"embeddable":true,"href":"https:\/\/bcbaschablais.com\/index.php\/wp-json\/wp\/v2\/users\/1"}],"replies":[{"embeddable":true,"href":"https:\/\/bcbaschablais.com\/index.php\/wp-json\/wp\/v2\/comments?post=68"}],"version-history":[{"count":19,"href":"https:\/\/bcbaschablais.com\/index.php\/wp-json\/wp\/v2\/pages\/68\/revisions"}],"predecessor-version":[{"id":1131,"href":"https:\/\/bcbaschablais.com\/index.php\/wp-json\/wp\/v2\/pages\/68\/revisions\/1131"}],"wp:attachment":[{"href":"https:\/\/bcbaschablais.com\/index.php\/wp-json\/wp\/v2\/media?parent=68"}],"curies":[{"name":"wp","href":"https:\/\/api.w.org\/{rel}","templated":true}]}}