{"id":732,"date":"2023-05-11T11:46:58","date_gmt":"2023-05-11T11:46:58","guid":{"rendered":"https:\/\/bcbaschablais.com\/?page_id=732"},"modified":"2023-05-23T08:51:13","modified_gmt":"2023-05-23T08:51:13","slug":"le-bcbc","status":"publish","type":"page","link":"https:\/\/bcbaschablais.com\/index.php\/le-bcbc\/","title":{"rendered":"Le BCBC"},"content":{"rendered":"\n<ul class=\"wp-block-list\">\n<li style=\"font-size:23px\"><strong>Voici quelques informations qui pourraient vous int\u00e9resser ! <\/strong><\/li>\n<\/ul>\n\n\n\n<p><\/p>\n\n\n\n<ul class=\"wp-block-list\">\n<li style=\"font-size:23px\"><strong>Retrouvez les valeurs de notre club. Un club formateur et motiv\u00e9 \u00e0 accompagner filles et gar\u00e7ons dans toutes les cat\u00e9gories, d&rsquo;U9 \u00e0 Senior(e).<\/strong><\/li>\n<\/ul>\n\n\n\n<p><\/p>\n\n\n\n<figure class=\"wp-block-image size-large\"><img loading=\"lazy\" decoding=\"async\" width=\"724\" height=\"1024\" src=\"https:\/\/bcbaschablais.com\/wp-content\/uploads\/2023\/05\/Red-And-Blue-Minimalist-Ping-Pong-Tournament-Flyer-724x1024.jpg\" alt=\"\" class=\"wp-image-739\" srcset=\"https:\/\/bcbaschablais.com\/wp-content\/uploads\/2023\/05\/Red-And-Blue-Minimalist-Ping-Pong-Tournament-Flyer-724x1024.jpg 724w, https:\/\/bcbaschablais.com\/wp-content\/uploads\/2023\/05\/Red-And-Blue-Minimalist-Ping-Pong-Tournament-Flyer-212x300.jpg 212w, https:\/\/bcbaschablais.com\/wp-content\/uploads\/2023\/05\/Red-And-Blue-Minimalist-Ping-Pong-Tournament-Flyer-768x1086.jpg 768w, https:\/\/bcbaschablais.com\/wp-content\/uploads\/2023\/05\/Red-And-Blue-Minimalist-Ping-Pong-Tournament-Flyer-1086x1536.jpg 1086w, https:\/\/bcbaschablais.com\/wp-content\/uploads\/2023\/05\/Red-And-Blue-Minimalist-Ping-Pong-Tournament-Flyer.jpg 1414w\" sizes=\"auto, (max-width: 724px) 100vw, 724px\" \/><\/figure>\n\n\n\n<p style=\"font-size:23px\"><strong>Pour plus d&rsquo;informations sp\u00e9cifiques, pour les inscriptions, pour des demandes de partenariats et\/ou pour devenir coach, n&rsquo;h\u00e9sitez pas \u00e0 nous contacter dans le menu \u00ab\u00a0nous contacter\u00a0\u00bb.<\/strong><\/p>\n","protected":false},"excerpt":{"rendered":"<p>Pour plus d&rsquo;informations sp\u00e9cifiques, pour les inscriptions, pour des demandes de partenariats et\/ou pour devenir coach, n&rsquo;h\u00e9sitez pas \u00e0 nous contacter dans le menu \u00ab\u00a0nous contacter\u00a0\u00bb.<\/p>\n","protected":false},"author":16,"featured_media":0,"parent":0,"menu_order":0,"comment_status":"closed","ping_status":"closed","template":"","meta":{"footnotes":""},"class_list":["post-732","page","type-page","status-publish","hentry"],"_links":{"self":[{"href":"https:\/\/bcbaschablais.com\/index.php\/wp-json\/wp\/v2\/pages\/732","targetHints":{"allow":["GET"]}}],"collection":[{"href":"https:\/\/bcbaschablais.com\/index.php\/wp-json\/wp\/v2\/pages"}],"about":[{"href":"https:\/\/bcbaschablais.com\/index.php\/wp-json\/wp\/v2\/types\/page"}],"author":[{"embeddable":true,"href":"https:\/\/bcbaschablais.com\/index.php\/wp-json\/wp\/v2\/users\/16"}],"replies":[{"embeddable":true,"href":"https:\/\/bcbaschablais.com\/index.php\/wp-json\/wp\/v2\/comments?post=732"}],"version-history":[{"count":4,"href":"https:\/\/bcbaschablais.com\/index.php\/wp-json\/wp\/v2\/pages\/732\/revisions"}],"predecessor-version":[{"id":772,"href":"https:\/\/bcbaschablais.com\/index.php\/wp-json\/wp\/v2\/pages\/732\/revisions\/772"}],"wp:attachment":[{"href":"https:\/\/bcbaschablais.com\/index.php\/wp-json\/wp\/v2\/media?parent=732"}],"curies":[{"name":"wp","href":"https:\/\/api.w.org\/{rel}","templated":true}]}}