{"id":841,"date":"2023-07-26T09:06:07","date_gmt":"2023-07-26T09:06:07","guid":{"rendered":"https:\/\/bcbaschablais.com\/?page_id=841"},"modified":"2025-09-15T08:56:38","modified_gmt":"2025-09-15T08:56:38","slug":"seniors-f","status":"publish","type":"page","link":"https:\/\/bcbaschablais.com\/index.php\/seniors-f\/","title":{"rendered":"S\u00e9niors F"},"content":{"rendered":"\n<hr class=\"wp-block-separator has-css-opacity\"\/>\n\n\n\n<h3 class=\"wp-block-heading has-text-align-center\">Coachs : Alain Bizzari \u202a+41 78 341 54 43\u202c<br>Romain Di Palma 06&nbsp;47&nbsp;95&nbsp;69&nbsp;99<\/h3>\n\n\n\n<hr class=\"wp-block-separator has-css-opacity\"\/>\n\n\n\n<p style=\"font-size:23px\">Entra\u00eenements: <\/p>\n\n\n\n<p style=\"font-size:23px\">Mardi de 20h45&nbsp;\u00e0&nbsp;22h45 \u00e0 Douvaine <\/p>\n\n\n\n<p style=\"font-size:23px\">Mercredi de 20h30\u00a0\u00e0\u00a022h45 \u00e0 Margencel<\/p>\n\n\n\n<script src=\"https:\/\/cdnjs.cloudflare.com\/ajax\/libs\/iframe-resizer\/3.5.5\/iframeResizer.min.js\"><\/script><script>if(!window._rsz){window._rsz=function(){var i=iFrameResize({checkOrigin:false,interval:100});};if(document.readyState!=\"loading\"){_rsz()}else{document.addEventListener(\"DOMContentLoaded\",_rsz)}}<\/script><iframe id=\"651688d75b651407f3e20dba\" src=\"https:\/\/v1.scorenco.com\/widget\/651688d75b651407f3e20dba\/?auto_height=true\" style=\"display: block; width: 100%; overflow: auto; margin: auto; border-width: 0px;\" scrolling=\"no\"><\/iframe><a style=\"font-size:11px\" target=\"_blank\" href=\"https:\/\/v1.scorenco.com\/basket\/clubs\/basket-club-bas-chablais\/\" rel=\"noopener\">Basket Club Bas Chablais sur Score&rsquo;n&rsquo;co<\/a>\n","protected":false},"excerpt":{"rendered":"<p>Coachs : Alain Bizzari \u202a+41 78 341 54 43\u202cRomain Di Palma 06&nbsp;47&nbsp;95&nbsp;69&nbsp;99 Entra\u00eenements: Mardi de 20h45&nbsp;\u00e0&nbsp;22h45 \u00e0 Douvaine Mercredi de 20h30\u00a0\u00e0\u00a022h45 \u00e0 Margencel Basket Club Bas Chablais sur Score&rsquo;n&rsquo;co<\/p>\n","protected":false},"author":1,"featured_media":0,"parent":0,"menu_order":0,"comment_status":"closed","ping_status":"closed","template":"","meta":{"footnotes":""},"class_list":["post-841","page","type-page","status-publish","hentry"],"_links":{"self":[{"href":"https:\/\/bcbaschablais.com\/index.php\/wp-json\/wp\/v2\/pages\/841","targetHints":{"allow":["GET"]}}],"collection":[{"href":"https:\/\/bcbaschablais.com\/index.php\/wp-json\/wp\/v2\/pages"}],"about":[{"href":"https:\/\/bcbaschablais.com\/index.php\/wp-json\/wp\/v2\/types\/page"}],"author":[{"embeddable":true,"href":"https:\/\/bcbaschablais.com\/index.php\/wp-json\/wp\/v2\/users\/1"}],"replies":[{"embeddable":true,"href":"https:\/\/bcbaschablais.com\/index.php\/wp-json\/wp\/v2\/comments?post=841"}],"version-history":[{"count":16,"href":"https:\/\/bcbaschablais.com\/index.php\/wp-json\/wp\/v2\/pages\/841\/revisions"}],"predecessor-version":[{"id":1135,"href":"https:\/\/bcbaschablais.com\/index.php\/wp-json\/wp\/v2\/pages\/841\/revisions\/1135"}],"wp:attachment":[{"href":"https:\/\/bcbaschablais.com\/index.php\/wp-json\/wp\/v2\/media?parent=841"}],"curies":[{"name":"wp","href":"https:\/\/api.w.org\/{rel}","templated":true}]}}